{"id":137,"date":"2021-11-12T03:01:36","date_gmt":"2021-11-12T02:01:36","guid":{"rendered":"http:\/\/mlcdfru.cluster029.hosting.ovh.net\/?page_id=137"},"modified":"2021-11-12T03:01:36","modified_gmt":"2021-11-12T02:01:36","slug":"dernieres-creations","status":"publish","type":"page","link":"https:\/\/mlcd.fr\/index.php\/dernieres-creations\/","title":{"rendered":"Derni\u00e8res Cr\u00e9ations"},"content":{"rendered":"\n<figure class=\"wp-block-image size-large is-resized\"><img loading=\"lazy\" decoding=\"async\" src=\"http:\/\/mlcdfru.cluster029.hosting.ovh.net\/wp-content\/uploads\/2021\/11\/afficche-ragout-ragondin-6-pdf-724x1024.jpg\" alt=\"\" class=\"wp-image-141\" width=\"202\" height=\"286\"\/><figcaption> Film au profit des restos du coeur<br>premi\u00e8re le 19 novembre<br>\u00e0 l&rsquo;auditorium de La Teste de Buch<br>\u00e9criture, sc\u00e9nario, montage cricri VDB <\/figcaption><\/figure>\n","protected":false},"excerpt":{"rendered":"","protected":false},"author":1,"featured_media":0,"parent":0,"menu_order":0,"comment_status":"closed","ping_status":"closed","template":"","meta":{"footnotes":""},"class_list":["post-137","page","type-page","status-publish","hentry"],"_links":{"self":[{"href":"https:\/\/mlcd.fr\/index.php\/wp-json\/wp\/v2\/pages\/137","targetHints":{"allow":["GET"]}}],"collection":[{"href":"https:\/\/mlcd.fr\/index.php\/wp-json\/wp\/v2\/pages"}],"about":[{"href":"https:\/\/mlcd.fr\/index.php\/wp-json\/wp\/v2\/types\/page"}],"author":[{"embeddable":true,"href":"https:\/\/mlcd.fr\/index.php\/wp-json\/wp\/v2\/users\/1"}],"replies":[{"embeddable":true,"href":"https:\/\/mlcd.fr\/index.php\/wp-json\/wp\/v2\/comments?post=137"}],"version-history":[{"count":3,"href":"https:\/\/mlcd.fr\/index.php\/wp-json\/wp\/v2\/pages\/137\/revisions"}],"predecessor-version":[{"id":142,"href":"https:\/\/mlcd.fr\/index.php\/wp-json\/wp\/v2\/pages\/137\/revisions\/142"}],"wp:attachment":[{"href":"https:\/\/mlcd.fr\/index.php\/wp-json\/wp\/v2\/media?parent=137"}],"curies":[{"name":"wp","href":"https:\/\/api.w.org\/{rel}","templated":true}]}}