{"id":82,"date":"2021-11-11T22:26:10","date_gmt":"2021-11-11T21:26:10","guid":{"rendered":"http:\/\/mlcdfru.cluster029.hosting.ovh.net\/?page_id=82"},"modified":"2021-11-12T00:33:21","modified_gmt":"2021-11-11T23:33:21","slug":"les-mots-lierre-du-chat-dore","status":"publish","type":"page","link":"https:\/\/mlcd.fr\/","title":{"rendered":""},"content":{"rendered":"\n<p>Nous sommes une association d&rsquo;arts sc\u00e9niques et th\u00e9\u00e2trales adultes et enfants. Nos activit\u00e9s s&rsquo;articulent autour de l&rsquo;improvisation, l&rsquo;\u00e9criture et de la r\u00e9alisation de pi\u00e8ces de th\u00e9\u00e2tre, courts et longs m\u00e9trages . Les Mots lierres du chat dor\u00e9 sont destin\u00e9s \u00e0 tous ceux qui ont envie de se l\u00e2cher et de s&rsquo;exprimer librement. <\/p>\n\n\n\n<p>Nos ateliers  sont bas\u00e9s sur l&rsquo;improvisation, l&rsquo;expression corporelle, sur le travail de concentration par la sophrocr\u00e9ativit\u00e9. les pi\u00e8ces ou scenarios sont \u00e9crits et distribu\u00e9s sur mesure en fonction de chacun afin de donner le meilleur de soi !!!!<\/p>\n","protected":false},"excerpt":{"rendered":"<p>Nous sommes une association d&rsquo;arts sc\u00e9niques et th\u00e9\u00e2trales adultes et enfants. Nos activit\u00e9s s&rsquo;articulent autour de l&rsquo;improvisation, l&rsquo;\u00e9criture et de la r\u00e9alisation de pi\u00e8ces de th\u00e9\u00e2tre, courts et longs m\u00e9trages . Les Mots lierres du chat dor\u00e9 sont destin\u00e9s \u00e0 tous ceux qui ont envie de se l\u00e2cher et de s&rsquo;exprimer librement. Nos ateliers sont &hellip; <\/p>\n","protected":false},"author":1,"featured_media":0,"parent":0,"menu_order":0,"comment_status":"closed","ping_status":"closed","template":"","meta":{"footnotes":""},"class_list":["post-82","page","type-page","status-publish","hentry"],"_links":{"self":[{"href":"https:\/\/mlcd.fr\/index.php\/wp-json\/wp\/v2\/pages\/82","targetHints":{"allow":["GET"]}}],"collection":[{"href":"https:\/\/mlcd.fr\/index.php\/wp-json\/wp\/v2\/pages"}],"about":[{"href":"https:\/\/mlcd.fr\/index.php\/wp-json\/wp\/v2\/types\/page"}],"author":[{"embeddable":true,"href":"https:\/\/mlcd.fr\/index.php\/wp-json\/wp\/v2\/users\/1"}],"replies":[{"embeddable":true,"href":"https:\/\/mlcd.fr\/index.php\/wp-json\/wp\/v2\/comments?post=82"}],"version-history":[{"count":5,"href":"https:\/\/mlcd.fr\/index.php\/wp-json\/wp\/v2\/pages\/82\/revisions"}],"predecessor-version":[{"id":167,"href":"https:\/\/mlcd.fr\/index.php\/wp-json\/wp\/v2\/pages\/82\/revisions\/167"}],"wp:attachment":[{"href":"https:\/\/mlcd.fr\/index.php\/wp-json\/wp\/v2\/media?parent=82"}],"curies":[{"name":"wp","href":"https:\/\/api.w.org\/{rel}","templated":true}]}}